{"id":829,"date":"2021-12-07T18:17:21","date_gmt":"2021-12-07T17:17:21","guid":{"rendered":"https:\/\/motoren-steffens.de\/?page_id=829"},"modified":"2022-03-21T16:20:01","modified_gmt":"2022-03-21T15:20:01","slug":"brands","status":"publish","type":"page","link":"https:\/\/motoren-steffens.de\/en\/brands\/","title":{"rendered":"Brands"},"content":{"rendered":"<p>[et_pb_section fb_built=&#8221;1&#8243; _builder_version=&#8221;4.15&#8243; _module_preset=&#8221;default&#8221; global_colors_info=&#8221;{}&#8221;][et_pb_row _builder_version=&#8221;4.15&#8243; _module_preset=&#8221;default&#8221; global_colors_info=&#8221;{}&#8221;][et_pb_column type=&#8221;4_4&#8243; _builder_version=&#8221;4.15&#8243; _module_preset=&#8221;default&#8221; global_colors_info=&#8221;{}&#8221;][et_pb_text _builder_version=&#8221;4.15.1&#8243; _module_preset=&#8221;default&#8221; global_colors_info=&#8221;{}&#8221;]<\/p>\n<h1>MOTOREN Steffens: Your Partner for Spare Parts for DEUTZ and MWM Engines<\/h1>\n<p>MOTOREN Steffens offers used diesel and gas engines, diesel and gas gensets as well as original components, used spare parts, and main engine components for DEUTZ and MWM engines and gensets. Both brands stand for high-quality engines and components for mobile and stationary deployment. As your competent partner and specialist for DEUTZ and MWM engines, we offer a wide spectrum of used engines, gensets, and components from these two brands. If you have any questions, we would be pleased to provide you with advice and support.<\/p>\n<p>[\/et_pb_text][et_pb_divider _builder_version=&#8221;4.15&#8243; _module_preset=&#8221;default&#8221; custom_padding=&#8221;||0px|||&#8221; global_colors_info=&#8221;{}&#8221;][\/et_pb_divider][et_pb_blurb image=&#8221;https:\/\/motoren-steffens.de\/wp-content\/uploads\/2022\/01\/Deutz.png&#8221; alt=&#8221;Deutz&#8221; icon_placement=&#8221;left&#8221; image_icon_width=&#8221;200px&#8221; content_max_width=&#8221;100%&#8221; module_id=&#8221;deutz&#8221; _builder_version=&#8221;4.15.1&#8243; _module_preset=&#8221;default&#8221; width=&#8221;100%&#8221; module_alignment=&#8221;left&#8221; global_colors_info=&#8221;{}&#8221;]<\/p>\n<h2>DEUTZ<\/h2>\n<p>DEUTZ is synonymous with pioneering spirit, passion, and innovation culture. As an independent provider of diesel, gas, and electric drivetrains in the power range up to 620 kW, DEUTZ develops the technologies for the demands of tomorrow. DEUTZ is a pioneer in high-quality, environmentally friendly, and efficient drives in off-highway applications.<\/p>\n<p>In a world characterized by increasing complexity due to sophisticated emission limit values, DEUTZ supports its customers with in-depth expertise in system integration and exhaust-gas after-treatment. With our first-class services, DEUTZ ensures maximum availability.<\/p>\n<p>From construction sites to airfields, DEUTZ engines move vehicles and machinery around the globe. DEUTZ&#8217;s product portfolio comprises engines for agricultural machines, construction machinery, forklifts, lifting platforms, stationary plants, ships, airport equipment, rail vehicles, and utility vehicles.<\/p>\n<p>DEUTZ AG Website: <strong><a href=\"https:\/\/www.deutz.com\/en\/\" target=\"_blank\" rel=\"noopener nofollow\">https:\/\/www.deutz.com\/en\/<\/a><\/strong><\/p>\n<p>[\/et_pb_blurb][et_pb_divider _builder_version=&#8221;4.15&#8243; _module_preset=&#8221;default&#8221; custom_padding=&#8221;||0px|||&#8221; global_colors_info=&#8221;{}&#8221;][\/et_pb_divider][et_pb_blurb image=&#8221;https:\/\/motoren-steffens.de\/wp-content\/uploads\/2021\/12\/MWM-logo.png&#8221; alt=&#8221;MWM&#8221; icon_placement=&#8221;left&#8221; image_icon_width=&#8221;200px&#8221; content_max_width=&#8221;100%&#8221; module_id=&#8221;mwm&#8221; _builder_version=&#8221;4.15.1&#8243; _module_preset=&#8221;default&#8221; width=&#8221;100%&#8221; module_alignment=&#8221;left&#8221; global_colors_info=&#8221;{}&#8221;]<\/p>\n<h2>MWM<\/h2>\n<p>MWM stands for highly efficient, eco-friendly combined heat and power (CHP) plants for distributed energy generation. The Mannheim-based company, which was founded by Carl Benz 1871 and now operates under the name Caterpillar Energy Solutions, bundles more than 150 years of experience in the development and optimization of gas engines and power gensets for various gas applications under its MWM brand.<\/p>\n<p>The MWM product portfolio comprises gas engines and gensets in the output range from 400 kW<sub>el<\/sub> to 4,500 kW<sub>el<\/sub>. With these, it is possible to set up power plants with an output of 100 MWel and more.<\/p>\n<p>MWM gas engines can be operated with various types of gas, such as natural gas, mine gas, biogas, landfill gas, sewage gas, and syngas. They are designed for maximum electrical and thermal efficiency, low operating and service costs, and high reliability and availability. Thus, efficiency levels of more than 90 percent can be reached.<\/p>\n<p>MWM Website: <strong><a href=\"https:\/\/www.mwm.net\/en\/\" target=\"_blank\" rel=\"noopener\">https:\/\/www.mwm.net\/en\/<\/a><\/strong><\/p>\n<p>[\/et_pb_blurb][\/et_pb_column][\/et_pb_row][\/et_pb_section][et_pb_section fb_built=&#8221;1&#8243; _builder_version=&#8221;4.15&#8243; _module_preset=&#8221;default&#8221; background_image=&#8221;https:\/\/motoren-steffens.de\/wp-content\/uploads\/2021\/12\/Zylinderkopf-Gasmotor-scaled.jpg&#8221; parallax=&#8221;on&#8221; custom_margin=&#8221;||200px||false|false&#8221; custom_padding=&#8221;150px||150px||true|false&#8221; global_colors_info=&#8221;{}&#8221;][\/et_pb_section]<\/p>\n","protected":false},"excerpt":{"rendered":"<p>MOTOREN Steffens: Your Partner for Spare Parts for DEUTZ and MWM Engines MOTOREN Steffens offers used diesel and gas engines, diesel and gas gensets as well as original components, used spare parts, and main engine components for DEUTZ and MWM engines and gensets. Both brands stand for high-quality engines and components for mobile and stationary [&hellip;]<\/p>\n","protected":false},"author":1,"featured_media":0,"parent":0,"menu_order":0,"comment_status":"closed","ping_status":"closed","template":"","meta":{"_et_pb_use_builder":"on","_et_pb_old_content":"[et_pb_section fb_built=\"1\" _builder_version=\"4.14.2\" _module_preset=\"default\" global_colors_info=\"{}\"][et_pb_row _builder_version=\"4.14.2\" _module_preset=\"default\" global_colors_info=\"{}\"][et_pb_column type=\"4_4\" _builder_version=\"4.14.2\" _module_preset=\"default\" global_colors_info=\"{}\"][et_pb_text _builder_version=\"4.14.6\" _module_preset=\"default\" hover_enabled=\"0\" global_colors_info=\"{}\" sticky_enabled=\"0\"]<h1>MOTOREN Steffens \u2013 Ihr Partner f\u00fcr Ersatzteile f\u00fcr DEUTZ und MWM Motoren<\/h1>\r\n<p>MOTOREN Steffens bietet gebrauchte Diesel- und Gasmotoren, gebrauchte Diesel- und Gasaggregate sowie Originalbauteile, gebrauchte Ersatzteile und Hauptbauteile f\u00fcr Motoren und Aggregate der Marken DEUTZ und MWM an. Beide Marken stehen f\u00fcr hochwertige Motoren und Bauteile, die f\u00fcr den mobilen und den station\u00e4ren Einsatz ausgelegt sind. Als Ihr kompetenter Partner und Spezialist f\u00fcr DEUTZ und MWM Motoren bieten wir ein umfangreiches Portfolio an gebrauchten Motoren, Aggregaten und Bauteilen der beiden Marken an und stehen Ihnen bei Anfragen gerne beratend und unterst\u00fctzend zur Seite!<\/p>[\/et_pb_text][et_pb_divider _builder_version=\"4.14.2\" _module_preset=\"default\" custom_padding=\"||0px|||\" global_colors_info=\"{}\"][\/et_pb_divider][et_pb_blurb image=\"https:\/\/motoren-steffens.de\/wp-content\/uploads\/2022\/01\/Deutz.png\" alt=\"Deutz\" icon_placement=\"left\" image_icon_width=\"200px\" content_max_width=\"100%\" module_id=\"deutz\" _builder_version=\"4.14.5\" _module_preset=\"default\" width=\"100%\" module_alignment=\"left\" hover_enabled=\"0\" global_colors_info=\"{}\" sticky_enabled=\"0\"]<h2>DEUTZ<\/h2>\r\n<p>DEUTZ steht f\u00fcr Pioniergeist, Leidenschaft und Innovationskultur. Als unabh\u00e4ngiger Anbieter von Diesel-, Gas- und elektrifizierten Antrieben im Leistungsbereich bis 620 kW entwickelt DEUTZ die Technologien f\u00fcr die Anforderungen von morgen. DEUTZ gilt als einer der Vorreiter f\u00fcr qualitativ hochwertige, umweltfreundliche und effiziente Antriebe f\u00fcr Off-Highway-Anwendungen.<\/p>\r\n<p>Vor dem Hintergrund steigender Komplexit\u00e4t und anspruchsvoller Emissionsgrenzwerte unterst\u00fctzt DEUTZ seine Kunden mit fundierter Expertise bei der Systemintegration und Abgasnachbehandlung. Mit erstklassigen Servicedienstleistungen sorgt DEUTZ f\u00fcr h\u00f6chste Verf\u00fcgbarkeit.<\/p>\r\n<p>Von der Baugrube bis zum Rollfeld \u2013 die DEUTZ-Motoren bewegen Fahrzeuge und Maschinen weltweit. Das DEUTZ Produktportfolio umfasst Landmaschinen, Baumaschinen, Stapler und Hebeb\u00fchnen, station\u00e4re Anlagen, Motoren f\u00fcr den Marinebereich, Flughafenausr\u00fcstung, Schienenfahrzeuge und Nutzfahrzeuge.<\/p>\r\n<p>Website der DEUTZ AG: <strong><a href=\"https:\/\/www.deutz.com\/\" target=\"_blank\" rel=\"noopener nofollow\">https:\/\/www.deutz.com\/<\/a><\/strong><\/p>[\/et_pb_blurb][et_pb_divider _builder_version=\"4.14.2\" _module_preset=\"default\" custom_padding=\"||0px|||\" global_colors_info=\"{}\"][\/et_pb_divider][et_pb_blurb image=\"https:\/\/motoren-steffens.de\/wp-content\/uploads\/2021\/12\/MWM-logo.png\" alt=\"MWM\" icon_placement=\"left\" image_icon_width=\"200px\" content_max_width=\"100%\" module_id=\"mwm\" _builder_version=\"4.14.6\" _module_preset=\"default\" width=\"100%\" module_alignment=\"left\" hover_enabled=\"0\" global_colors_info=\"{}\" sticky_enabled=\"0\"]<h2>MWM<\/h2>\r\n<p>MWM steht f\u00fcr hocheffiziente und umweltfreundliche Kraft-W\u00e4rme-Kopplungs-Anlagen (KWK) zur dezentralen Energieerzeugung (Blockheizkraftwerke \u2013 BHKW). Das von Carl Benz 1871 gegr\u00fcndete und heute unter Caterpillar Energy Solutions firmierende Mannheimer Unternehmen verf\u00fcgt mit seiner Marke MWM \u00fcber mehr als 150 Jahre Erfahrung in der Entwicklung und Optimierung von Gasmotoren und Stromaggregaten f\u00fcr unterschiedliche Gasanwendungen.<\/p>\r\n<p>Das Produktportfolio von MWM umfasst Gasmotoren und Stromaggregate im Leistungsbereich von 400 kW<sub>el<\/sub> bis zu 4.500 kW<sub>el<\/sub>. Dadurch sind Kraftwerke bis 100 MW<sub>el<\/sub> und dar\u00fcber hinaus realisierbar.<\/p>\r\n<p>Die MWM Gasmotoren k\u00f6nnen mit unterschiedlichen Gasen wie beispielsweise Erdgas, Grubengas, Biogas, Deponiegas, Kl\u00e4rgas und Synthesegas betrieben werden. Sie sind auf h\u00f6chste elektrische und thermische Effizienz, niedrige Betriebs- und Servicekosten sowie hohe Zuverl\u00e4ssigkeit und Verf\u00fcgbarkeit ausgelegt. Dadurch k\u00f6nnen Wirkungsgrade von bis zu 90 Prozent erreicht werden.<\/p>\r\n<p>Website von MWM: <strong><a href=\"https:\/\/www.mwm.net\" target=\"_blank\" rel=\"noopener\">https:\/\/www.mwm.net<\/a><\/strong><\/p>[\/et_pb_blurb][\/et_pb_column][\/et_pb_row][\/et_pb_section][et_pb_section fb_built=\"1\" _builder_version=\"4.14.2\" _module_preset=\"default\" background_image=\"https:\/\/motoren-steffens.de\/wp-content\/uploads\/2021\/12\/Zylinderkopf-Gasmotor-scaled.jpg\" parallax=\"on\" custom_margin=\"||200px||false|false\" custom_padding=\"150px||150px||true|false\" global_colors_info=\"{}\"][\/et_pb_section]","_et_gb_content_width":"","footnotes":""},"class_list":["post-829","page","type-page","status-publish","hentry"],"yoast_head":"<!-- This site is optimized with the Yoast SEO plugin v27.5 - https:\/\/yoast.com\/product\/yoast-seo-wordpress\/ -->\n<title>Brands - MOTOREN Steffens GmbH<\/title>\n<meta name=\"robots\" content=\"index, follow, max-snippet:-1, max-image-preview:large, max-video-preview:-1\" \/>\n<link rel=\"canonical\" href=\"https:\/\/motoren-steffens.de\/en\/brands\/\" \/>\n<meta property=\"og:locale\" content=\"en_US\" \/>\n<meta property=\"og:type\" content=\"article\" \/>\n<meta property=\"og:title\" content=\"Brands - MOTOREN Steffens GmbH\" \/>\n<meta property=\"og:description\" content=\"MOTOREN Steffens: Your Partner for Spare Parts for DEUTZ and MWM Engines MOTOREN Steffens offers used diesel and gas engines, diesel and gas gensets as well as original components, used spare parts, and main engine components for DEUTZ and MWM engines and gensets. Both brands stand for high-quality engines and components for mobile and stationary [&hellip;]\" \/>\n<meta property=\"og:url\" content=\"https:\/\/motoren-steffens.de\/en\/brands\/\" \/>\n<meta property=\"og:site_name\" content=\"MOTOREN Steffens GmbH\" \/>\n<meta property=\"article:modified_time\" content=\"2022-03-21T15:20:01+00:00\" \/>\n<meta name=\"twitter:card\" content=\"summary_large_image\" \/>\n<meta name=\"twitter:label1\" content=\"Est. reading time\" \/>\n\t<meta name=\"twitter:data1\" content=\"3 minutes\" \/>\n<script type=\"application\/ld+json\" class=\"yoast-schema-graph\">{\"@context\":\"https:\\\/\\\/schema.org\",\"@graph\":[{\"@type\":\"WebPage\",\"@id\":\"https:\\\/\\\/motoren-steffens.de\\\/en\\\/brands\\\/\",\"url\":\"https:\\\/\\\/motoren-steffens.de\\\/en\\\/brands\\\/\",\"name\":\"Brands - MOTOREN Steffens GmbH\",\"isPartOf\":{\"@id\":\"https:\\\/\\\/motoren-steffens.de\\\/#website\"},\"datePublished\":\"2021-12-07T17:17:21+00:00\",\"dateModified\":\"2022-03-21T15:20:01+00:00\",\"breadcrumb\":{\"@id\":\"https:\\\/\\\/motoren-steffens.de\\\/en\\\/brands\\\/#breadcrumb\"},\"inLanguage\":\"en-US\",\"potentialAction\":[{\"@type\":\"ReadAction\",\"target\":[\"https:\\\/\\\/motoren-steffens.de\\\/en\\\/brands\\\/\"]}]},{\"@type\":\"BreadcrumbList\",\"@id\":\"https:\\\/\\\/motoren-steffens.de\\\/en\\\/brands\\\/#breadcrumb\",\"itemListElement\":[{\"@type\":\"ListItem\",\"position\":1,\"name\":\"Startseite\",\"item\":\"https:\\\/\\\/motoren-steffens.de\\\/en\\\/\"},{\"@type\":\"ListItem\",\"position\":2,\"name\":\"Brands\"}]},{\"@type\":\"WebSite\",\"@id\":\"https:\\\/\\\/motoren-steffens.de\\\/#website\",\"url\":\"https:\\\/\\\/motoren-steffens.de\\\/\",\"name\":\"MOTOREN Steffens GmbH\",\"description\":\"Gebrauchtmotoren und Ersatzteile\",\"potentialAction\":[{\"@type\":\"SearchAction\",\"target\":{\"@type\":\"EntryPoint\",\"urlTemplate\":\"https:\\\/\\\/motoren-steffens.de\\\/?s={search_term_string}\"},\"query-input\":{\"@type\":\"PropertyValueSpecification\",\"valueRequired\":true,\"valueName\":\"search_term_string\"}}],\"inLanguage\":\"en-US\"}]}<\/script>\n<!-- \/ Yoast SEO plugin. -->","yoast_head_json":{"title":"Brands - MOTOREN Steffens GmbH","robots":{"index":"index","follow":"follow","max-snippet":"max-snippet:-1","max-image-preview":"max-image-preview:large","max-video-preview":"max-video-preview:-1"},"canonical":"https:\/\/motoren-steffens.de\/en\/brands\/","og_locale":"en_US","og_type":"article","og_title":"Brands - MOTOREN Steffens GmbH","og_description":"MOTOREN Steffens: Your Partner for Spare Parts for DEUTZ and MWM Engines MOTOREN Steffens offers used diesel and gas engines, diesel and gas gensets as well as original components, used spare parts, and main engine components for DEUTZ and MWM engines and gensets. Both brands stand for high-quality engines and components for mobile and stationary [&hellip;]","og_url":"https:\/\/motoren-steffens.de\/en\/brands\/","og_site_name":"MOTOREN Steffens GmbH","article_modified_time":"2022-03-21T15:20:01+00:00","twitter_card":"summary_large_image","twitter_misc":{"Est. reading time":"3 minutes"},"schema":{"@context":"https:\/\/schema.org","@graph":[{"@type":"WebPage","@id":"https:\/\/motoren-steffens.de\/en\/brands\/","url":"https:\/\/motoren-steffens.de\/en\/brands\/","name":"Brands - MOTOREN Steffens GmbH","isPartOf":{"@id":"https:\/\/motoren-steffens.de\/#website"},"datePublished":"2021-12-07T17:17:21+00:00","dateModified":"2022-03-21T15:20:01+00:00","breadcrumb":{"@id":"https:\/\/motoren-steffens.de\/en\/brands\/#breadcrumb"},"inLanguage":"en-US","potentialAction":[{"@type":"ReadAction","target":["https:\/\/motoren-steffens.de\/en\/brands\/"]}]},{"@type":"BreadcrumbList","@id":"https:\/\/motoren-steffens.de\/en\/brands\/#breadcrumb","itemListElement":[{"@type":"ListItem","position":1,"name":"Startseite","item":"https:\/\/motoren-steffens.de\/en\/"},{"@type":"ListItem","position":2,"name":"Brands"}]},{"@type":"WebSite","@id":"https:\/\/motoren-steffens.de\/#website","url":"https:\/\/motoren-steffens.de\/","name":"MOTOREN Steffens GmbH","description":"Gebrauchtmotoren und Ersatzteile","potentialAction":[{"@type":"SearchAction","target":{"@type":"EntryPoint","urlTemplate":"https:\/\/motoren-steffens.de\/?s={search_term_string}"},"query-input":{"@type":"PropertyValueSpecification","valueRequired":true,"valueName":"search_term_string"}}],"inLanguage":"en-US"}]}},"_links":{"self":[{"href":"https:\/\/motoren-steffens.de\/en\/wp-json\/wp\/v2\/pages\/829","targetHints":{"allow":["GET"]}}],"collection":[{"href":"https:\/\/motoren-steffens.de\/en\/wp-json\/wp\/v2\/pages"}],"about":[{"href":"https:\/\/motoren-steffens.de\/en\/wp-json\/wp\/v2\/types\/page"}],"author":[{"embeddable":true,"href":"https:\/\/motoren-steffens.de\/en\/wp-json\/wp\/v2\/users\/1"}],"replies":[{"embeddable":true,"href":"https:\/\/motoren-steffens.de\/en\/wp-json\/wp\/v2\/comments?post=829"}],"version-history":[{"count":5,"href":"https:\/\/motoren-steffens.de\/en\/wp-json\/wp\/v2\/pages\/829\/revisions"}],"predecessor-version":[{"id":836,"href":"https:\/\/motoren-steffens.de\/en\/wp-json\/wp\/v2\/pages\/829\/revisions\/836"}],"wp:attachment":[{"href":"https:\/\/motoren-steffens.de\/en\/wp-json\/wp\/v2\/media?parent=829"}],"curies":[{"name":"wp","href":"https:\/\/api.w.org\/{rel}","templated":true}]}}