{"id":821,"date":"2021-12-12T17:53:53","date_gmt":"2021-12-12T16:53:53","guid":{"rendered":"https:\/\/motoren-steffens.de\/?page_id=821"},"modified":"2022-03-21T15:32:38","modified_gmt":"2022-03-21T14:32:38","slug":"why-opt-for-used-and-overhauled-spare-parts-and-engines","status":"publish","type":"page","link":"https:\/\/motoren-steffens.de\/en\/products\/why-opt-for-used-and-overhauled-spare-parts-and-engines\/","title":{"rendered":"Why Opt for Used and Overhauled Spare Parts and Engines?"},"content":{"rendered":"<p>[et_pb_section fb_built=&#8221;1&#8243; _builder_version=&#8221;4.15&#8243; _module_preset=&#8221;default&#8221; global_colors_info=&#8221;{}&#8221;][et_pb_row _builder_version=&#8221;4.15&#8243; _module_preset=&#8221;default&#8221; global_colors_info=&#8221;{}&#8221;][et_pb_column type=&#8221;4_4&#8243; _builder_version=&#8221;4.15&#8243; _module_preset=&#8221;default&#8221; global_colors_info=&#8221;{}&#8221;][et_pb_text _builder_version=&#8221;4.15.1&#8243; _module_preset=&#8221;default&#8221; vertical_offset_tablet=&#8221;0&#8243; horizontal_offset_tablet=&#8221;0&#8243; hover_enabled=&#8221;0&#8243; z_index_tablet=&#8221;0&#8243; text_text_shadow_horizontal_length_tablet=&#8221;0px&#8221; text_text_shadow_vertical_length_tablet=&#8221;0px&#8221; text_text_shadow_blur_strength_tablet=&#8221;1px&#8221; link_text_shadow_horizontal_length_tablet=&#8221;0px&#8221; link_text_shadow_vertical_length_tablet=&#8221;0px&#8221; link_text_shadow_blur_strength_tablet=&#8221;1px&#8221; ul_text_shadow_horizontal_length_tablet=&#8221;0px&#8221; ul_text_shadow_vertical_length_tablet=&#8221;0px&#8221; ul_text_shadow_blur_strength_tablet=&#8221;1px&#8221; ol_text_shadow_horizontal_length_tablet=&#8221;0px&#8221; ol_text_shadow_vertical_length_tablet=&#8221;0px&#8221; ol_text_shadow_blur_strength_tablet=&#8221;1px&#8221; quote_text_shadow_horizontal_length_tablet=&#8221;0px&#8221; quote_text_shadow_vertical_length_tablet=&#8221;0px&#8221; quote_text_shadow_blur_strength_tablet=&#8221;1px&#8221; header_text_shadow_horizontal_length_tablet=&#8221;0px&#8221; header_text_shadow_vertical_length_tablet=&#8221;0px&#8221; header_text_shadow_blur_strength_tablet=&#8221;1px&#8221; header_2_text_shadow_horizontal_length_tablet=&#8221;0px&#8221; header_2_text_shadow_vertical_length_tablet=&#8221;0px&#8221; header_2_text_shadow_blur_strength_tablet=&#8221;1px&#8221; header_3_text_shadow_horizontal_length_tablet=&#8221;0px&#8221; header_3_text_shadow_vertical_length_tablet=&#8221;0px&#8221; header_3_text_shadow_blur_strength_tablet=&#8221;1px&#8221; header_4_text_shadow_horizontal_length_tablet=&#8221;0px&#8221; header_4_text_shadow_vertical_length_tablet=&#8221;0px&#8221; header_4_text_shadow_blur_strength_tablet=&#8221;1px&#8221; header_5_text_shadow_horizontal_length_tablet=&#8221;0px&#8221; header_5_text_shadow_vertical_length_tablet=&#8221;0px&#8221; header_5_text_shadow_blur_strength_tablet=&#8221;1px&#8221; header_6_text_shadow_horizontal_length_tablet=&#8221;0px&#8221; header_6_text_shadow_vertical_length_tablet=&#8221;0px&#8221; header_6_text_shadow_blur_strength_tablet=&#8221;1px&#8221; box_shadow_horizontal_tablet=&#8221;0px&#8221; box_shadow_vertical_tablet=&#8221;0px&#8221; box_shadow_blur_tablet=&#8221;40px&#8221; box_shadow_spread_tablet=&#8221;0px&#8221; global_colors_info=&#8221;{}&#8221; sticky_enabled=&#8221;0&#8243;]<\/p>\n<h1>Why Opt for Used and Overhauled Spare Parts and Engines?<\/h1>\n<p>By purchasing used original DEUTZ and MWM parts from us, you get high-quality spare parts at a fraction of what a new engine or genset would cost.<\/p>\n<p>This approach is not only good for your budget, it is also sustainable! In the future, a small ecological footprint will become increasingly important for businesses. With our range of used engines and spare parts, you can increase the sustainability of your operations at little cost. <\/p>\n<p>Thanks to our broad portfolio of original DEUTZ and MWM parts, you can rest assured that the overhauled spare parts and engines you purchase from us always meet high quality and performance standards.<br \/>\n[\/et_pb_text][et_pb_divider _builder_version=&#8221;4.15&#8243; _module_preset=&#8221;default&#8221; custom_padding=&#8221;||0px|||&#8221; global_colors_info=&#8221;{}&#8221;][\/et_pb_divider][et_pb_post_nav show_prev=&#8221;off&#8221; _builder_version=&#8221;4.15&#8243; _module_preset=&#8221;default&#8221; global_colors_info=&#8221;{}&#8221;][\/et_pb_post_nav][\/et_pb_column][\/et_pb_row][\/et_pb_section][et_pb_section fb_built=&#8221;1&#8243; _builder_version=&#8221;4.15&#8243; _module_preset=&#8221;default&#8221; background_color=&#8221;#ab4520&#8243; global_colors_info=&#8221;{}&#8221;][et_pb_row module_class=&#8221;cta-red&#8221; _builder_version=&#8221;4.15&#8243; _module_preset=&#8221;default&#8221; global_colors_info=&#8221;{}&#8221;][et_pb_column type=&#8221;4_4&#8243; _builder_version=&#8221;4.15&#8243; _module_preset=&#8221;default&#8221; global_colors_info=&#8221;{}&#8221;][et_pb_text _builder_version=&#8221;4.15.1&#8243; _module_preset=&#8221;default&#8221; hover_enabled=&#8221;0&#8243; global_colors_info=&#8221;{}&#8221; sticky_enabled=&#8221;0&#8243;]<\/p>\n<h2>Any questions regarding old engines and used spare parts?<\/h2>\n<p>Telephone: +49 2821 711 37 0 \u2022 E-mail: info@motoren-steffens.de<\/p>\n<p>[\/et_pb_text][et_pb_button button_url=&#8221;@ET-DC@eyJkeW5hbWljIjp0cnVlLCJjb250ZW50IjoicG9zdF9saW5rX3VybF9wYWdlIiwic2V0dGluZ3MiOnsicG9zdF9pZCI6Ijc3MyJ9fQ==@&#8221; button_text=&#8221;Go to contact form&#8221; button_alignment=&#8221;center&#8221; _builder_version=&#8221;4.15.1&#8243; _dynamic_attributes=&#8221;button_url&#8221; _module_preset=&#8221;default&#8221; custom_button=&#8221;on&#8221; button_icon=&#8221;&#xe04a;||divi||400&#8243; button_icon_color=&#8221;#ab4520&#8243; button_on_hover=&#8221;off&#8221; hover_enabled=&#8221;0&#8243; global_colors_info=&#8221;{}&#8221; sticky_enabled=&#8221;0&#8243;][\/et_pb_button][\/et_pb_column][\/et_pb_row][\/et_pb_section][et_pb_section fb_built=&#8221;1&#8243; _builder_version=&#8221;4.15&#8243; _module_preset=&#8221;default&#8221; background_image=&#8221;https:\/\/motoren-steffens.de\/wp-content\/uploads\/2021\/12\/Zylinderkopf-Gasmotor-scaled.jpg&#8221; parallax=&#8221;on&#8221; custom_margin=&#8221;||||false|false&#8221; custom_padding=&#8221;175px||175px||true|false&#8221; saved_tabs=&#8221;all&#8221; global_colors_info=&#8221;{}&#8221;][\/et_pb_section]<\/p>\n","protected":false},"excerpt":{"rendered":"<p>Why Opt for Used and Overhauled Spare Parts and Engines? By purchasing used original DEUTZ and MWM parts from us, you get high-quality spare parts at a fraction of what a new engine or genset would cost. This approach is not only good for your budget, it is also sustainable! In the future, a small [&hellip;]<\/p>\n","protected":false},"author":1,"featured_media":0,"parent":1211,"menu_order":3,"comment_status":"closed","ping_status":"closed","template":"","meta":{"_et_pb_use_builder":"on","_et_pb_old_content":"[et_pb_section fb_built=\"1\" _builder_version=\"4.14.2\" _module_preset=\"default\" global_colors_info=\"{}\"][et_pb_row _builder_version=\"4.14.2\" _module_preset=\"default\" global_colors_info=\"{}\"][et_pb_column type=\"4_4\" _builder_version=\"4.14.2\" _module_preset=\"default\" global_colors_info=\"{}\"][et_pb_text _builder_version=\"4.14.2\" _module_preset=\"default\" vertical_offset_tablet=\"0\" horizontal_offset_tablet=\"0\" z_index_tablet=\"0\" text_text_shadow_horizontal_length_tablet=\"0px\" text_text_shadow_vertical_length_tablet=\"0px\" text_text_shadow_blur_strength_tablet=\"1px\" link_text_shadow_horizontal_length_tablet=\"0px\" link_text_shadow_vertical_length_tablet=\"0px\" link_text_shadow_blur_strength_tablet=\"1px\" ul_text_shadow_horizontal_length_tablet=\"0px\" ul_text_shadow_vertical_length_tablet=\"0px\" ul_text_shadow_blur_strength_tablet=\"1px\" ol_text_shadow_horizontal_length_tablet=\"0px\" ol_text_shadow_vertical_length_tablet=\"0px\" ol_text_shadow_blur_strength_tablet=\"1px\" quote_text_shadow_horizontal_length_tablet=\"0px\" quote_text_shadow_vertical_length_tablet=\"0px\" quote_text_shadow_blur_strength_tablet=\"1px\" header_text_shadow_horizontal_length_tablet=\"0px\" header_text_shadow_vertical_length_tablet=\"0px\" header_text_shadow_blur_strength_tablet=\"1px\" header_2_text_shadow_horizontal_length_tablet=\"0px\" header_2_text_shadow_vertical_length_tablet=\"0px\" header_2_text_shadow_blur_strength_tablet=\"1px\" header_3_text_shadow_horizontal_length_tablet=\"0px\" header_3_text_shadow_vertical_length_tablet=\"0px\" header_3_text_shadow_blur_strength_tablet=\"1px\" header_4_text_shadow_horizontal_length_tablet=\"0px\" header_4_text_shadow_vertical_length_tablet=\"0px\" header_4_text_shadow_blur_strength_tablet=\"1px\" header_5_text_shadow_horizontal_length_tablet=\"0px\" header_5_text_shadow_vertical_length_tablet=\"0px\" header_5_text_shadow_blur_strength_tablet=\"1px\" header_6_text_shadow_horizontal_length_tablet=\"0px\" header_6_text_shadow_vertical_length_tablet=\"0px\" header_6_text_shadow_blur_strength_tablet=\"1px\" box_shadow_horizontal_tablet=\"0px\" box_shadow_vertical_tablet=\"0px\" box_shadow_blur_tablet=\"40px\" box_shadow_spread_tablet=\"0px\" global_colors_info=\"{}\"]<h1>Warum gebrauchte und \u00fcberholte Ersatzteile und Motoren?<\/h1>\r\n\r\nMit dem Kauf unserer gebrauchten Original-Ersatzteile der Marken Deutz und MWM kaufen Sie nicht nur qualitativ hochwertige Ersatzteile, sondern sparen im Vergleich zum Kauf eines neuen Motors oder Aggregats auch erhebliche Kosten ein. \r\n\r\nDiese Vorgehensweise ist nicht nur g\u00fcnstig, sondern auch nachhaltig! Ein geringer \u00f6kologischer Fu\u00dfabdruck wird in Zukunft f\u00fcr Unternehmen eine immer bedeutendere Rolle spielen. Mit unserem Angebot an gebrauchten Ersatzteilen und Motoren k\u00f6nnen Sie einen wichtigen Schritt f\u00fcr mehr Nachhaltigkeit in Ihrer Firma ohne gro\u00dfen Aufwand unternehmen. \r\n\r\nDurch unser breites Portfolio an Deutz und MWM Originalteilen k\u00f6nnen Sie sich zudem sicher sein, dass Sie \u00fcberholte Ersatzteile und Motoren von stets hochwertiger Qualit\u00e4t und erprobter Leistungsf\u00e4higkeit erwerben.\r\n[\/et_pb_text][et_pb_divider _builder_version=\"4.14.2\" _module_preset=\"default\" custom_padding=\"||0px|||\" global_colors_info=\"{}\"][\/et_pb_divider][et_pb_post_nav _builder_version=\"4.14.2\" _module_preset=\"default\" hover_enabled=\"0\" global_colors_info=\"{}\" show_prev=\"off\" sticky_enabled=\"0\"][\/et_pb_post_nav][\/et_pb_column][\/et_pb_row][\/et_pb_section][et_pb_section fb_built=\"1\" _builder_version=\"4.14.2\" _module_preset=\"default\" background_color=\"#ab4520\" global_module=\"506\" global_colors_info=\"{}\"][et_pb_row module_class=\"cta-red\" _builder_version=\"4.14.2\" _module_preset=\"default\" global_colors_info=\"{}\"][et_pb_column type=\"4_4\" _builder_version=\"4.14.2\" _module_preset=\"default\" global_colors_info=\"{}\"][et_pb_text _builder_version=\"4.14.2\" _module_preset=\"default\" global_colors_info=\"{}\"]<h2>Sie haben Fragen zu unseren Produkten oder Serviceleistungen?<\/h2>\r\n<p>Telefon: +49 2821 711 37 0 \u2022 E-Mail: info@motoren-steffens.de<\/p>[\/et_pb_text][et_pb_button button_url=\"@ET-DC@eyJkeW5hbWljIjp0cnVlLCJjb250ZW50IjoicG9zdF9saW5rX3VybF9wYWdlIiwic2V0dGluZ3MiOnsicG9zdF9pZCI6IjMzIn19@\" button_text=\"Zum Kontaktformular\" button_alignment=\"center\" _builder_version=\"4.14.2\" _dynamic_attributes=\"button_url\" _module_preset=\"default\" custom_button=\"on\" button_icon=\"\ue04a||divi||400\" button_icon_color=\"#ab4520\" button_on_hover=\"off\" global_colors_info=\"{}\"][\/et_pb_button][\/et_pb_column][\/et_pb_row][\/et_pb_section][et_pb_section fb_built=\"1\" _builder_version=\"4.14.2\" _module_preset=\"default\" background_image=\"https:\/\/motoren-steffens.de\/wp-content\/uploads\/2021\/12\/Zylinderkopf-Gasmotor-scaled.jpg\" parallax=\"on\" custom_margin=\"||||false|false\" custom_padding=\"175px||175px||true|false\" global_module=\"417\" saved_tabs=\"all\" global_colors_info=\"{}\"][\/et_pb_section]","_et_gb_content_width":"","footnotes":""},"class_list":["post-821","page","type-page","status-publish","hentry"],"yoast_head":"<!-- This site is optimized with the Yoast SEO plugin v27.5 - https:\/\/yoast.com\/product\/yoast-seo-wordpress\/ -->\n<title>Why Opt for Used and Overhauled Spare Parts and Engines? - MOTOREN Steffens GmbH<\/title>\n<meta name=\"robots\" content=\"index, follow, max-snippet:-1, max-image-preview:large, max-video-preview:-1\" \/>\n<link rel=\"canonical\" href=\"https:\/\/motoren-steffens.de\/en\/why-opt-for-used-and-overhauled-spare-parts-and-engines\/\" \/>\n<meta property=\"og:locale\" content=\"en_US\" \/>\n<meta property=\"og:type\" content=\"article\" \/>\n<meta property=\"og:title\" content=\"Why Opt for Used and Overhauled Spare Parts and Engines? - MOTOREN Steffens GmbH\" \/>\n<meta property=\"og:description\" content=\"Why Opt for Used and Overhauled Spare Parts and Engines? By purchasing used original DEUTZ and MWM parts from us, you get high-quality spare parts at a fraction of what a new engine or genset would cost. This approach is not only good for your budget, it is also sustainable! In the future, a small [&hellip;]\" \/>\n<meta property=\"og:url\" content=\"https:\/\/motoren-steffens.de\/en\/why-opt-for-used-and-overhauled-spare-parts-and-engines\/\" \/>\n<meta property=\"og:site_name\" content=\"MOTOREN Steffens GmbH\" \/>\n<meta property=\"article:modified_time\" content=\"2022-03-21T14:32:38+00:00\" \/>\n<meta name=\"twitter:card\" content=\"summary_large_image\" \/>\n<meta name=\"twitter:label1\" content=\"Est. reading time\" \/>\n\t<meta name=\"twitter:data1\" content=\"3 minutes\" \/>\n<script type=\"application\/ld+json\" class=\"yoast-schema-graph\">{\"@context\":\"https:\\\/\\\/schema.org\",\"@graph\":[{\"@type\":\"WebPage\",\"@id\":\"https:\\\/\\\/motoren-steffens.de\\\/en\\\/why-opt-for-used-and-overhauled-spare-parts-and-engines\\\/\",\"url\":\"https:\\\/\\\/motoren-steffens.de\\\/en\\\/why-opt-for-used-and-overhauled-spare-parts-and-engines\\\/\",\"name\":\"Why Opt for Used and Overhauled Spare Parts and Engines? - MOTOREN Steffens GmbH\",\"isPartOf\":{\"@id\":\"https:\\\/\\\/motoren-steffens.de\\\/#website\"},\"datePublished\":\"2021-12-12T16:53:53+00:00\",\"dateModified\":\"2022-03-21T14:32:38+00:00\",\"breadcrumb\":{\"@id\":\"https:\\\/\\\/motoren-steffens.de\\\/en\\\/why-opt-for-used-and-overhauled-spare-parts-and-engines\\\/#breadcrumb\"},\"inLanguage\":\"en-US\",\"potentialAction\":[{\"@type\":\"ReadAction\",\"target\":[\"https:\\\/\\\/motoren-steffens.de\\\/en\\\/why-opt-for-used-and-overhauled-spare-parts-and-engines\\\/\"]}]},{\"@type\":\"BreadcrumbList\",\"@id\":\"https:\\\/\\\/motoren-steffens.de\\\/en\\\/why-opt-for-used-and-overhauled-spare-parts-and-engines\\\/#breadcrumb\",\"itemListElement\":[{\"@type\":\"ListItem\",\"position\":1,\"name\":\"Startseite\",\"item\":\"https:\\\/\\\/motoren-steffens.de\\\/en\\\/\"},{\"@type\":\"ListItem\",\"position\":2,\"name\":\"Why Opt for Used and Overhauled Spare Parts and Engines?\"}]},{\"@type\":\"WebSite\",\"@id\":\"https:\\\/\\\/motoren-steffens.de\\\/#website\",\"url\":\"https:\\\/\\\/motoren-steffens.de\\\/\",\"name\":\"MOTOREN Steffens GmbH\",\"description\":\"Gebrauchtmotoren und Ersatzteile\",\"potentialAction\":[{\"@type\":\"SearchAction\",\"target\":{\"@type\":\"EntryPoint\",\"urlTemplate\":\"https:\\\/\\\/motoren-steffens.de\\\/?s={search_term_string}\"},\"query-input\":{\"@type\":\"PropertyValueSpecification\",\"valueRequired\":true,\"valueName\":\"search_term_string\"}}],\"inLanguage\":\"en-US\"}]}<\/script>\n<!-- \/ Yoast SEO plugin. -->","yoast_head_json":{"title":"Why Opt for Used and Overhauled Spare Parts and Engines? - MOTOREN Steffens GmbH","robots":{"index":"index","follow":"follow","max-snippet":"max-snippet:-1","max-image-preview":"max-image-preview:large","max-video-preview":"max-video-preview:-1"},"canonical":"https:\/\/motoren-steffens.de\/en\/why-opt-for-used-and-overhauled-spare-parts-and-engines\/","og_locale":"en_US","og_type":"article","og_title":"Why Opt for Used and Overhauled Spare Parts and Engines? - MOTOREN Steffens GmbH","og_description":"Why Opt for Used and Overhauled Spare Parts and Engines? By purchasing used original DEUTZ and MWM parts from us, you get high-quality spare parts at a fraction of what a new engine or genset would cost. This approach is not only good for your budget, it is also sustainable! In the future, a small [&hellip;]","og_url":"https:\/\/motoren-steffens.de\/en\/why-opt-for-used-and-overhauled-spare-parts-and-engines\/","og_site_name":"MOTOREN Steffens GmbH","article_modified_time":"2022-03-21T14:32:38+00:00","twitter_card":"summary_large_image","twitter_misc":{"Est. reading time":"3 minutes"},"schema":{"@context":"https:\/\/schema.org","@graph":[{"@type":"WebPage","@id":"https:\/\/motoren-steffens.de\/en\/why-opt-for-used-and-overhauled-spare-parts-and-engines\/","url":"https:\/\/motoren-steffens.de\/en\/why-opt-for-used-and-overhauled-spare-parts-and-engines\/","name":"Why Opt for Used and Overhauled Spare Parts and Engines? - MOTOREN Steffens GmbH","isPartOf":{"@id":"https:\/\/motoren-steffens.de\/#website"},"datePublished":"2021-12-12T16:53:53+00:00","dateModified":"2022-03-21T14:32:38+00:00","breadcrumb":{"@id":"https:\/\/motoren-steffens.de\/en\/why-opt-for-used-and-overhauled-spare-parts-and-engines\/#breadcrumb"},"inLanguage":"en-US","potentialAction":[{"@type":"ReadAction","target":["https:\/\/motoren-steffens.de\/en\/why-opt-for-used-and-overhauled-spare-parts-and-engines\/"]}]},{"@type":"BreadcrumbList","@id":"https:\/\/motoren-steffens.de\/en\/why-opt-for-used-and-overhauled-spare-parts-and-engines\/#breadcrumb","itemListElement":[{"@type":"ListItem","position":1,"name":"Startseite","item":"https:\/\/motoren-steffens.de\/en\/"},{"@type":"ListItem","position":2,"name":"Why Opt for Used and Overhauled Spare Parts and Engines?"}]},{"@type":"WebSite","@id":"https:\/\/motoren-steffens.de\/#website","url":"https:\/\/motoren-steffens.de\/","name":"MOTOREN Steffens GmbH","description":"Gebrauchtmotoren und Ersatzteile","potentialAction":[{"@type":"SearchAction","target":{"@type":"EntryPoint","urlTemplate":"https:\/\/motoren-steffens.de\/?s={search_term_string}"},"query-input":{"@type":"PropertyValueSpecification","valueRequired":true,"valueName":"search_term_string"}}],"inLanguage":"en-US"}]}},"_links":{"self":[{"href":"https:\/\/motoren-steffens.de\/en\/wp-json\/wp\/v2\/pages\/821","targetHints":{"allow":["GET"]}}],"collection":[{"href":"https:\/\/motoren-steffens.de\/en\/wp-json\/wp\/v2\/pages"}],"about":[{"href":"https:\/\/motoren-steffens.de\/en\/wp-json\/wp\/v2\/types\/page"}],"author":[{"embeddable":true,"href":"https:\/\/motoren-steffens.de\/en\/wp-json\/wp\/v2\/users\/1"}],"replies":[{"embeddable":true,"href":"https:\/\/motoren-steffens.de\/en\/wp-json\/wp\/v2\/comments?post=821"}],"version-history":[{"count":4,"href":"https:\/\/motoren-steffens.de\/en\/wp-json\/wp\/v2\/pages\/821\/revisions"}],"predecessor-version":[{"id":826,"href":"https:\/\/motoren-steffens.de\/en\/wp-json\/wp\/v2\/pages\/821\/revisions\/826"}],"up":[{"embeddable":true,"href":"https:\/\/motoren-steffens.de\/en\/wp-json\/wp\/v2\/pages\/1211"}],"wp:attachment":[{"href":"https:\/\/motoren-steffens.de\/en\/wp-json\/wp\/v2\/media?parent=821"}],"curies":[{"name":"wp","href":"https:\/\/api.w.org\/{rel}","templated":true}]}}