{"id":812,"date":"2021-12-13T11:02:40","date_gmt":"2021-12-13T10:02:40","guid":{"rendered":"https:\/\/motoren-steffens.de\/?page_id=812"},"modified":"2022-03-21T15:34:00","modified_gmt":"2022-03-21T14:34:00","slug":"used-gas-engines-and-gas-gensets","status":"publish","type":"page","link":"https:\/\/motoren-steffens.de\/en\/products\/used-gas-engines-and-gas-gensets\/","title":{"rendered":"Used Gas Engines and Gas Gensets"},"content":{"rendered":"<p>[et_pb_section fb_built=&#8221;1&#8243; _builder_version=&#8221;4.15&#8243; _module_preset=&#8221;default&#8221; global_colors_info=&#8221;{}&#8221;][et_pb_row _builder_version=&#8221;4.15&#8243; _module_preset=&#8221;default&#8221; global_colors_info=&#8221;{}&#8221;][et_pb_column type=&#8221;4_4&#8243; _builder_version=&#8221;4.15&#8243; _module_preset=&#8221;default&#8221; global_colors_info=&#8221;{}&#8221;][et_pb_blurb image=&#8221;https:\/\/motoren-steffens.de\/wp-content\/uploads\/2021\/12\/gasmotor.png&#8221; icon_placement=&#8221;left&#8221; image_icon_width=&#8221;200px&#8221; content_max_width=&#8221;100%&#8221; module_id=&#8221;gas&#8221; _builder_version=&#8221;4.15.1&#8243; _module_preset=&#8221;default&#8221; width=&#8221;100%&#8221; module_alignment=&#8221;left&#8221; global_colors_info=&#8221;{}&#8221;]<\/p>\n<h1>Used Gas Engines and Gas Gensets<\/h1>\n<p>Apart from diesel engines and diesel gensets, our product portfolio comprises high-quality used DEUTZ and MWM gas engines and gas gensets. The engines and gensets cover an output range from 5 kW to 2,000 kW and are suitable for mobile and stationary deployment.<\/p>\n<p>MWM gas engines and power gensets are available in an output range from 400 to 4,500 kW. The brand, which looks back on a history of 150 years, combines performance, reliability, and efficiency with a compact design. The units can be operated with various gas types, such as natural gas, mine gas, biogas, landfill gas, sewage gas, and syngas.<\/p>\n<p>As an independent provider of diesel, gas, and electrified drivetrains in the output range up to 620 kW, DEUTZ stands for pioneer spirit, passion, and innovation culture and is a pioneer in high-quality, efficient drives in off-highway applications.<\/p>\n<p>[\/et_pb_blurb][et_pb_divider _builder_version=&#8221;4.15&#8243; _module_preset=&#8221;default&#8221; custom_padding=&#8221;||0px|||&#8221; global_colors_info=&#8221;{}&#8221;][\/et_pb_divider][et_pb_post_nav _builder_version=&#8221;4.15&#8243; _module_preset=&#8221;default&#8221; global_colors_info=&#8221;{}&#8221;][\/et_pb_post_nav][\/et_pb_column][\/et_pb_row][\/et_pb_section][et_pb_section fb_built=&#8221;1&#8243; _builder_version=&#8221;4.15&#8243; _module_preset=&#8221;default&#8221; background_color=&#8221;#ab4520&#8243; saved_tabs=&#8221;all&#8221; global_colors_info=&#8221;{}&#8221;][et_pb_row module_class=&#8221;cta-red&#8221; _builder_version=&#8221;4.15&#8243; _module_preset=&#8221;default&#8221; global_colors_info=&#8221;{}&#8221;][et_pb_column type=&#8221;4_4&#8243; _builder_version=&#8221;4.15&#8243; _module_preset=&#8221;default&#8221; global_colors_info=&#8221;{}&#8221;][et_pb_text _builder_version=&#8221;4.15.1&#8243; _module_preset=&#8221;default&#8221; global_colors_info=&#8221;{}&#8221;]<\/p>\n<h2>Any questions regarding old engines and used spare parts?<\/h2>\n<p>Telephone: +49 2821 711 37 0 \u2022 E-mail: info@motoren-steffens.de<\/p>\n<p>[\/et_pb_text][et_pb_button button_url=&#8221;@ET-DC@eyJkeW5hbWljIjp0cnVlLCJjb250ZW50IjoicG9zdF9saW5rX3VybF9wYWdlIiwic2V0dGluZ3MiOnsicG9zdF9pZCI6Ijc3MyJ9fQ==@&#8221; button_text=&#8221;Go to contact form&#8221; button_alignment=&#8221;center&#8221; _builder_version=&#8221;4.15.1&#8243; _dynamic_attributes=&#8221;button_url&#8221; _module_preset=&#8221;default&#8221; custom_button=&#8221;on&#8221; button_icon=&#8221;&#xe04a;||divi||400&#8243; button_icon_color=&#8221;#ab4520&#8243; button_on_hover=&#8221;off&#8221; hover_enabled=&#8221;0&#8243; global_colors_info=&#8221;{}&#8221; button_icon_color__hover_enabled=&#8221;on|hover&#8221; button_icon_color__hover=&#8221;#FFFFFF&#8221; sticky_enabled=&#8221;0&#8243;][\/et_pb_button][\/et_pb_column][\/et_pb_row][\/et_pb_section][et_pb_section fb_built=&#8221;1&#8243; _builder_version=&#8221;4.15&#8243; _module_preset=&#8221;default&#8221; background_image=&#8221;https:\/\/motoren-steffens.de\/wp-content\/uploads\/2021\/12\/Zylinderkopf-Gasmotor-scaled.jpg&#8221; parallax=&#8221;on&#8221; custom_margin=&#8221;||||false|false&#8221; custom_padding=&#8221;175px||175px||true|false&#8221; saved_tabs=&#8221;all&#8221; global_colors_info=&#8221;{}&#8221;][\/et_pb_section]<\/p>\n","protected":false},"excerpt":{"rendered":"<p>Used Gas Engines and Gas Gensets Apart from diesel engines and diesel gensets, our product portfolio comprises high-quality used DEUTZ and MWM gas engines and gas gensets. The engines and gensets cover an output range from 5 kW to 2,000 kW and are suitable for mobile and stationary deployment. MWM gas engines and power gensets [&hellip;]<\/p>\n","protected":false},"author":1,"featured_media":0,"parent":1211,"menu_order":1,"comment_status":"closed","ping_status":"closed","template":"","meta":{"_et_pb_use_builder":"on","_et_pb_old_content":"[et_pb_section fb_built=\"1\" _builder_version=\"4.14.2\" _module_preset=\"default\" global_colors_info=\"{}\"][et_pb_row _builder_version=\"4.14.2\" _module_preset=\"default\" global_colors_info=\"{}\"][et_pb_column type=\"4_4\" _builder_version=\"4.14.2\" _module_preset=\"default\" global_colors_info=\"{}\"][et_pb_blurb image=\"https:\/\/motoren-steffens.de\/wp-content\/uploads\/2021\/12\/gasmotor.png\" icon_placement=\"left\" image_icon_width=\"200px\" content_max_width=\"100%\" module_id=\"gas\" _builder_version=\"4.14.7\" _module_preset=\"default\" width=\"100%\" module_alignment=\"left\" global_colors_info=\"{}\"]<h1>Gebrauchte Gasmotoren und Gasaggregate<\/h1>\r\n<p>Neben den Dieselmotoren und Dieselaggregaten z\u00e4hlen zu unserer Produktpalette hochwertige gebrauchte Deutz und MWM Gasmotoren und Gasaggregate. Die Motoren und Aggregate umfassen einen Leistungsbereich von 5 kW bis 2000 kW und sind f\u00fcr den mobilen und station\u00e4ren Einsatz ausgelegt.<\/p>\r\n<p>Die Gasmotoren und Stromaggregate der Marke MWM mit 150-j\u00e4hriger-Traditionsgeschichte in einem Leistungsbereich von 400 kW bis 4.500 kW vereinen Leistung, Zuverl\u00e4ssigkeit und Wirtschaftlichkeit in einem kompakten Design und k\u00f6nnen mit vielen unterschiedlichen Gasarten, wie beispielsweise mit Erdgas, Grubengas, Biogas, Deponiegas, Kl\u00e4rgas und Synthesegas, betrieben werden.<\/p>\r\n<p>Als unabh\u00e4ngiger Anbieter von Diesel-, Gas- und elektrifizierten Antrieben im Leistungsbereich bis 620 kW steht Deutz f\u00fcr Pioniergeist, Leidenschaft und Innovationskultur sowie als Vorreiter f\u00fcr qualitativ hochwertige und effiziente Antriebe f\u00fcr Off-Highway-Anwendungen.<\/p>[\/et_pb_blurb][et_pb_divider _builder_version=\"4.14.2\" _module_preset=\"default\" custom_padding=\"||0px|||\" global_colors_info=\"{}\"][\/et_pb_divider][et_pb_post_nav _builder_version=\"4.14.2\" _module_preset=\"default\" global_colors_info=\"{}\"][\/et_pb_post_nav][\/et_pb_column][\/et_pb_row][\/et_pb_section][et_pb_section fb_built=\"1\" _builder_version=\"4.14.2\" _module_preset=\"default\" background_color=\"#ab4520\" global_module=\"506\" saved_tabs=\"all\" global_colors_info=\"{}\"][et_pb_row module_class=\"cta-red\" _builder_version=\"4.14.2\" _module_preset=\"default\" global_colors_info=\"{}\"][et_pb_column type=\"4_4\" _builder_version=\"4.14.2\" _module_preset=\"default\" global_colors_info=\"{}\"][et_pb_text _builder_version=\"4.14.2\" _module_preset=\"default\" global_colors_info=\"{}\"]<h2>Sie haben Fragen zu unseren Produkten oder Serviceleistungen?<\/h2>\r\n<p>Telefon: +49 2821 711 37 0 \u2022 E-Mail: info@motoren-steffens.de<\/p>[\/et_pb_text][et_pb_button button_url=\"@ET-DC@eyJkeW5hbWljIjp0cnVlLCJjb250ZW50IjoicG9zdF9saW5rX3VybF9wYWdlIiwic2V0dGluZ3MiOnsicG9zdF9pZCI6IjMzIn19@\" button_text=\"Zum Kontaktformular\" button_alignment=\"center\" _builder_version=\"4.14.2\" _dynamic_attributes=\"button_url\" _module_preset=\"default\" custom_button=\"on\" button_icon=\"\ue04a||divi||400\" button_icon_color=\"#ab4520\" button_on_hover=\"off\" global_colors_info=\"{}\" button_icon_color__hover_enabled=\"on|hover\" button_icon_color__hover=\"#FFFFFF\"][\/et_pb_button][\/et_pb_column][\/et_pb_row][\/et_pb_section][et_pb_section fb_built=\"1\" _builder_version=\"4.14.2\" _module_preset=\"default\" background_image=\"https:\/\/motoren-steffens.de\/wp-content\/uploads\/2021\/12\/Zylinderkopf-Gasmotor-scaled.jpg\" parallax=\"on\" custom_margin=\"||||false|false\" custom_padding=\"175px||175px||true|false\" global_module=\"417\" saved_tabs=\"all\" global_colors_info=\"{}\"][\/et_pb_section]","_et_gb_content_width":"","footnotes":""},"class_list":["post-812","page","type-page","status-publish","hentry"],"yoast_head":"<!-- This site is optimized with the Yoast SEO plugin v27.5 - https:\/\/yoast.com\/product\/yoast-seo-wordpress\/ -->\n<title>Used Gas Engines and Gas Gensets - MOTOREN Steffens GmbH<\/title>\n<meta name=\"robots\" content=\"index, follow, max-snippet:-1, max-image-preview:large, max-video-preview:-1\" \/>\n<link rel=\"canonical\" href=\"https:\/\/motoren-steffens.de\/en\/used-gas-engines-and-gas-gensets\/\" \/>\n<meta property=\"og:locale\" content=\"en_US\" \/>\n<meta property=\"og:type\" content=\"article\" \/>\n<meta property=\"og:title\" content=\"Used Gas Engines and Gas Gensets - MOTOREN Steffens GmbH\" \/>\n<meta property=\"og:description\" content=\"Used Gas Engines and Gas Gensets Apart from diesel engines and diesel gensets, our product portfolio comprises high-quality used DEUTZ and MWM gas engines and gas gensets. The engines and gensets cover an output range from 5 kW to 2,000 kW and are suitable for mobile and stationary deployment. MWM gas engines and power gensets [&hellip;]\" \/>\n<meta property=\"og:url\" content=\"https:\/\/motoren-steffens.de\/en\/used-gas-engines-and-gas-gensets\/\" \/>\n<meta property=\"og:site_name\" content=\"MOTOREN Steffens GmbH\" \/>\n<meta property=\"article:modified_time\" content=\"2022-03-21T14:34:00+00:00\" \/>\n<meta name=\"twitter:card\" content=\"summary_large_image\" \/>\n<meta name=\"twitter:label1\" content=\"Est. reading time\" \/>\n\t<meta name=\"twitter:data1\" content=\"2 minutes\" \/>\n<script type=\"application\/ld+json\" class=\"yoast-schema-graph\">{\"@context\":\"https:\\\/\\\/schema.org\",\"@graph\":[{\"@type\":\"WebPage\",\"@id\":\"https:\\\/\\\/motoren-steffens.de\\\/en\\\/used-gas-engines-and-gas-gensets\\\/\",\"url\":\"https:\\\/\\\/motoren-steffens.de\\\/en\\\/used-gas-engines-and-gas-gensets\\\/\",\"name\":\"Used Gas Engines and Gas Gensets - MOTOREN Steffens GmbH\",\"isPartOf\":{\"@id\":\"https:\\\/\\\/motoren-steffens.de\\\/#website\"},\"datePublished\":\"2021-12-13T10:02:40+00:00\",\"dateModified\":\"2022-03-21T14:34:00+00:00\",\"breadcrumb\":{\"@id\":\"https:\\\/\\\/motoren-steffens.de\\\/en\\\/used-gas-engines-and-gas-gensets\\\/#breadcrumb\"},\"inLanguage\":\"en-US\",\"potentialAction\":[{\"@type\":\"ReadAction\",\"target\":[\"https:\\\/\\\/motoren-steffens.de\\\/en\\\/used-gas-engines-and-gas-gensets\\\/\"]}]},{\"@type\":\"BreadcrumbList\",\"@id\":\"https:\\\/\\\/motoren-steffens.de\\\/en\\\/used-gas-engines-and-gas-gensets\\\/#breadcrumb\",\"itemListElement\":[{\"@type\":\"ListItem\",\"position\":1,\"name\":\"Startseite\",\"item\":\"https:\\\/\\\/motoren-steffens.de\\\/en\\\/\"},{\"@type\":\"ListItem\",\"position\":2,\"name\":\"Used Gas Engines and Gas Gensets\"}]},{\"@type\":\"WebSite\",\"@id\":\"https:\\\/\\\/motoren-steffens.de\\\/#website\",\"url\":\"https:\\\/\\\/motoren-steffens.de\\\/\",\"name\":\"MOTOREN Steffens GmbH\",\"description\":\"Gebrauchtmotoren und Ersatzteile\",\"potentialAction\":[{\"@type\":\"SearchAction\",\"target\":{\"@type\":\"EntryPoint\",\"urlTemplate\":\"https:\\\/\\\/motoren-steffens.de\\\/?s={search_term_string}\"},\"query-input\":{\"@type\":\"PropertyValueSpecification\",\"valueRequired\":true,\"valueName\":\"search_term_string\"}}],\"inLanguage\":\"en-US\"}]}<\/script>\n<!-- \/ Yoast SEO plugin. -->","yoast_head_json":{"title":"Used Gas Engines and Gas Gensets - MOTOREN Steffens GmbH","robots":{"index":"index","follow":"follow","max-snippet":"max-snippet:-1","max-image-preview":"max-image-preview:large","max-video-preview":"max-video-preview:-1"},"canonical":"https:\/\/motoren-steffens.de\/en\/used-gas-engines-and-gas-gensets\/","og_locale":"en_US","og_type":"article","og_title":"Used Gas Engines and Gas Gensets - MOTOREN Steffens GmbH","og_description":"Used Gas Engines and Gas Gensets Apart from diesel engines and diesel gensets, our product portfolio comprises high-quality used DEUTZ and MWM gas engines and gas gensets. The engines and gensets cover an output range from 5 kW to 2,000 kW and are suitable for mobile and stationary deployment. MWM gas engines and power gensets [&hellip;]","og_url":"https:\/\/motoren-steffens.de\/en\/used-gas-engines-and-gas-gensets\/","og_site_name":"MOTOREN Steffens GmbH","article_modified_time":"2022-03-21T14:34:00+00:00","twitter_card":"summary_large_image","twitter_misc":{"Est. reading time":"2 minutes"},"schema":{"@context":"https:\/\/schema.org","@graph":[{"@type":"WebPage","@id":"https:\/\/motoren-steffens.de\/en\/used-gas-engines-and-gas-gensets\/","url":"https:\/\/motoren-steffens.de\/en\/used-gas-engines-and-gas-gensets\/","name":"Used Gas Engines and Gas Gensets - MOTOREN Steffens GmbH","isPartOf":{"@id":"https:\/\/motoren-steffens.de\/#website"},"datePublished":"2021-12-13T10:02:40+00:00","dateModified":"2022-03-21T14:34:00+00:00","breadcrumb":{"@id":"https:\/\/motoren-steffens.de\/en\/used-gas-engines-and-gas-gensets\/#breadcrumb"},"inLanguage":"en-US","potentialAction":[{"@type":"ReadAction","target":["https:\/\/motoren-steffens.de\/en\/used-gas-engines-and-gas-gensets\/"]}]},{"@type":"BreadcrumbList","@id":"https:\/\/motoren-steffens.de\/en\/used-gas-engines-and-gas-gensets\/#breadcrumb","itemListElement":[{"@type":"ListItem","position":1,"name":"Startseite","item":"https:\/\/motoren-steffens.de\/en\/"},{"@type":"ListItem","position":2,"name":"Used Gas Engines and Gas Gensets"}]},{"@type":"WebSite","@id":"https:\/\/motoren-steffens.de\/#website","url":"https:\/\/motoren-steffens.de\/","name":"MOTOREN Steffens GmbH","description":"Gebrauchtmotoren und Ersatzteile","potentialAction":[{"@type":"SearchAction","target":{"@type":"EntryPoint","urlTemplate":"https:\/\/motoren-steffens.de\/?s={search_term_string}"},"query-input":{"@type":"PropertyValueSpecification","valueRequired":true,"valueName":"search_term_string"}}],"inLanguage":"en-US"}]}},"_links":{"self":[{"href":"https:\/\/motoren-steffens.de\/en\/wp-json\/wp\/v2\/pages\/812","targetHints":{"allow":["GET"]}}],"collection":[{"href":"https:\/\/motoren-steffens.de\/en\/wp-json\/wp\/v2\/pages"}],"about":[{"href":"https:\/\/motoren-steffens.de\/en\/wp-json\/wp\/v2\/types\/page"}],"author":[{"embeddable":true,"href":"https:\/\/motoren-steffens.de\/en\/wp-json\/wp\/v2\/users\/1"}],"replies":[{"embeddable":true,"href":"https:\/\/motoren-steffens.de\/en\/wp-json\/wp\/v2\/comments?post=812"}],"version-history":[{"count":6,"href":"https:\/\/motoren-steffens.de\/en\/wp-json\/wp\/v2\/pages\/812\/revisions"}],"predecessor-version":[{"id":827,"href":"https:\/\/motoren-steffens.de\/en\/wp-json\/wp\/v2\/pages\/812\/revisions\/827"}],"up":[{"embeddable":true,"href":"https:\/\/motoren-steffens.de\/en\/wp-json\/wp\/v2\/pages\/1211"}],"wp:attachment":[{"href":"https:\/\/motoren-steffens.de\/en\/wp-json\/wp\/v2\/media?parent=812"}],"curies":[{"name":"wp","href":"https:\/\/api.w.org\/{rel}","templated":true}]}}