{"id":803,"date":"2021-12-13T11:11:27","date_gmt":"2021-12-13T10:11:27","guid":{"rendered":"https:\/\/motoren-steffens.de\/?page_id=803"},"modified":"2026-01-27T17:06:24","modified_gmt":"2026-01-27T16:06:24","slug":"used-spare-parts-and-original-spare-parts-for-deutz-and-mwm-engines","status":"publish","type":"page","link":"https:\/\/motoren-steffens.de\/en\/products\/used-spare-parts-and-original-spare-parts-for-deutz-and-mwm-engines\/","title":{"rendered":"Used Spare Parts and Original Spare Parts for DEUTZ and MWM Engines"},"content":{"rendered":"<p>[et_pb_section fb_built=&#8221;1&#8243; _builder_version=&#8221;4.16&#8243; _module_preset=&#8221;default&#8221; global_colors_info=&#8221;{}&#8221;][et_pb_row _builder_version=&#8221;4.16&#8243; _module_preset=&#8221;default&#8221; global_colors_info=&#8221;{}&#8221;][et_pb_column type=&#8221;4_4&#8243; _builder_version=&#8221;4.16&#8243; _module_preset=&#8221;default&#8221; global_colors_info=&#8221;{}&#8221;][et_pb_blurb image=&#8221;https:\/\/motoren-steffens.de\/wp-content\/uploads\/2021\/12\/ersatzteile.png&#8221; icon_placement=&#8221;left&#8221; image_icon_width=&#8221;200px&#8221; content_max_width=&#8221;100%&#8221; icon_placement_tablet=&#8221;left&#8221; icon_placement_phone=&#8221;top&#8221; icon_placement_last_edited=&#8221;on|phone&#8221; module_id=&#8221;ersatz&#8221; _builder_version=&#8221;4.27.4&#8243; _module_preset=&#8221;default&#8221; vertical_offset_tablet=&#8221;0&#8243; horizontal_offset_tablet=&#8221;0&#8243; width=&#8221;100%&#8221; module_alignment=&#8221;left&#8221; z_index_tablet=&#8221;0&#8243; header_text_shadow_horizontal_length_tablet=&#8221;0px&#8221; header_text_shadow_vertical_length_tablet=&#8221;0px&#8221; header_text_shadow_blur_strength_tablet=&#8221;1px&#8221; body_text_shadow_horizontal_length_tablet=&#8221;0px&#8221; body_text_shadow_vertical_length_tablet=&#8221;0px&#8221; body_text_shadow_blur_strength_tablet=&#8221;1px&#8221; body_link_text_shadow_horizontal_length_tablet=&#8221;0px&#8221; body_link_text_shadow_vertical_length_tablet=&#8221;0px&#8221; body_link_text_shadow_blur_strength_tablet=&#8221;1px&#8221; body_ul_text_shadow_horizontal_length_tablet=&#8221;0px&#8221; body_ul_text_shadow_vertical_length_tablet=&#8221;0px&#8221; body_ul_text_shadow_blur_strength_tablet=&#8221;1px&#8221; body_ol_text_shadow_horizontal_length_tablet=&#8221;0px&#8221; body_ol_text_shadow_vertical_length_tablet=&#8221;0px&#8221; body_ol_text_shadow_blur_strength_tablet=&#8221;1px&#8221; body_quote_text_shadow_horizontal_length_tablet=&#8221;0px&#8221; body_quote_text_shadow_vertical_length_tablet=&#8221;0px&#8221; body_quote_text_shadow_blur_strength_tablet=&#8221;1px&#8221; box_shadow_horizontal_tablet=&#8221;0px&#8221; box_shadow_vertical_tablet=&#8221;0px&#8221; box_shadow_blur_tablet=&#8221;40px&#8221; box_shadow_spread_tablet=&#8221;0px&#8221; box_shadow_horizontal_image_tablet=&#8221;0px&#8221; box_shadow_vertical_image_tablet=&#8221;0px&#8221; box_shadow_blur_image_tablet=&#8221;40px&#8221; box_shadow_spread_image_tablet=&#8221;0px&#8221; text_shadow_horizontal_length_tablet=&#8221;0px&#8221; text_shadow_vertical_length_tablet=&#8221;0px&#8221; text_shadow_blur_strength_tablet=&#8221;1px&#8221; global_colors_info=&#8221;{}&#8221;]<\/p>\n<h1>Used Spare Parts and Original Spare Parts for DEUTZ and MWM Engines<\/h1>\n<p>You have an engine that needs to be overhauled, but the model is no longer manufactured? We also offer MWM and DEUTZ spare parts for classic models!<\/p>\n<p><strong>List of Available Spare Parts \/ Inventory List<\/strong><br \/>Download the PDF containing the list of spare parts we currently have in stock.<\/p>\n<p>[\/et_pb_blurb][et_pb_button button_url=&#8221;@ET-DC@eyJkeW5hbWljIjp0cnVlLCJjb250ZW50IjoicG9zdF9saW5rX3VybF9hdHRhY2htZW50Iiwic2V0dGluZ3MiOnsicG9zdF9pZCI6IjEyNzkifX0=@&#8221; url_new_window=&#8221;on&#8221; button_text=&#8221;Download Inventory (PDF)&#8221; button_alignment=&#8221;center&#8221; _builder_version=&#8221;4.27.5&#8243; _dynamic_attributes=&#8221;button_url&#8221; _module_preset=&#8221;default&#8221; custom_button=&#8221;on&#8221; button_icon=&#8221;&#xe092;||divi||400&#8243; button_on_hover=&#8221;off&#8221; hover_enabled=&#8221;0&#8243; locked=&#8221;off&#8221; global_colors_info=&#8221;{}&#8221; sticky_enabled=&#8221;0&#8243;][\/et_pb_button][et_pb_text _builder_version=&#8221;4.27.5&#8243; _module_preset=&#8221;default&#8221; custom_padding=&#8221;|||215px|false|false&#8221; custom_padding_tablet=&#8221;|||0px|false|false&#8221; custom_padding_phone=&#8221;|||0px|false|false&#8221; custom_padding_last_edited=&#8221;on|desktop&#8221; hover_enabled=&#8221;0&#8243; global_colors_info=&#8221;{}&#8221; sticky_enabled=&#8221;0&#8243;]<strong>Notes<\/strong><br \/>\nStatus: January 23, 2026<br \/>\nThe downloadable PDF of the list of available spare parts reflects our inventory as of the date indicated above. We cannot guarantee availability. Current quantities and prices are available upon request.<\/p>\n<p><strong>Inquiry\/Contact<\/strong><br \/>\nEmail: <a href=\"mailto:info@motoren-steffens.de\">info@motoren-steffens.de<\/a><\/p>\n<p><strong>Are you looking for spare parts for gas and diesel engines from the brands MWM and Deutz?<\/strong><br \/>\nWith us, you will find, among other things, the following major components:<\/p>\n<ul>\n<li>Crankcases<\/li>\n<li>Crankshafts<\/li>\n<li>Camshafts<\/li>\n<li>Cylinder heads<\/li>\n<li>Connecting rods (Con Rods)<\/li>\n<li>Injection pumps<\/li>\n<li>Exhaust turbochargers<\/li>\n<li>Alternators<\/li>\n<li>Starters<\/li>\n<li>as well as spare parts of all other component groups.<\/li>\n<\/ul>\n<p><strong>Overview of our spare parts, also for classic models:<\/strong><\/p>\n<h3>DEUTZ spare parts:<\/h3>\n<p>Engine type: 208\/ 210\/ 413\/ 514\/ 612\/ 712\/ 714\/ 812\/ 912\/ 1008\/ 1011\/ 2011<\/p>\n<h3>MWM spare parts:<\/h3>\n<p>Engine type: AKD\/ KD\/ 208\/ 226\/ 232\/ 234\/ 350\/ 358\/ 440\/ 484\/ 500\/ 510\/ 601\/ 616\/ 620\/ 628<br \/>\nand many others![\/et_pb_text][et_pb_divider _builder_version=&#8221;4.16&#8243; _module_preset=&#8221;default&#8221; custom_padding=&#8221;||0px|||&#8221; global_colors_info=&#8221;{}&#8221;][\/et_pb_divider][et_pb_post_nav _builder_version=&#8221;4.16&#8243; _module_preset=&#8221;default&#8221; global_colors_info=&#8221;{}&#8221;][\/et_pb_post_nav][\/et_pb_column][\/et_pb_row][\/et_pb_section][et_pb_section fb_built=&#8221;1&#8243; _builder_version=&#8221;4.16&#8243; _module_preset=&#8221;default&#8221; background_color=&#8221;#ab4520&#8243; saved_tabs=&#8221;all&#8221; global_colors_info=&#8221;{}&#8221;][et_pb_row module_class=&#8221;cta-red&#8221; _builder_version=&#8221;4.16&#8243; _module_preset=&#8221;default&#8221; global_colors_info=&#8221;{}&#8221;][et_pb_column type=&#8221;4_4&#8243; _builder_version=&#8221;4.16&#8243; _module_preset=&#8221;default&#8221; global_colors_info=&#8221;{}&#8221;][et_pb_text _builder_version=&#8221;4.16&#8243; _module_preset=&#8221;default&#8221; global_colors_info=&#8221;{}&#8221;]<\/p>\n<h2>Any questions regarding old engines and used spare parts?<\/h2>\n<p>Telephone: +49 2821 711 37 0 \u2022 E-mail: info@motoren-steffens.de<\/p>\n<p>[\/et_pb_text][et_pb_button button_url=&#8221;@ET-DC@eyJkeW5hbWljIjp0cnVlLCJjb250ZW50IjoicG9zdF9saW5rX3VybF9wYWdlIiwic2V0dGluZ3MiOnsicG9zdF9pZCI6Ijc3MyJ9fQ==@&#8221; button_text=&#8221;Go to contact form&#8221; button_alignment=&#8221;center&#8221; _builder_version=&#8221;4.16&#8243; _dynamic_attributes=&#8221;button_url&#8221; _module_preset=&#8221;default&#8221; custom_button=&#8221;on&#8221; button_icon=&#8221;&#xe04a;||divi||400&#8243; button_icon_color=&#8221;#ab4520&#8243; button_on_hover=&#8221;off&#8221; global_colors_info=&#8221;{}&#8221; button_icon_color__hover_enabled=&#8221;on|hover&#8221; button_icon_color__hover=&#8221;#FFFFFF&#8221;][\/et_pb_button][\/et_pb_column][\/et_pb_row][\/et_pb_section][et_pb_section fb_built=&#8221;1&#8243; _builder_version=&#8221;4.16&#8243; _module_preset=&#8221;default&#8221; background_image=&#8221;https:\/\/motoren-steffens.de\/wp-content\/uploads\/2021\/12\/Zylinderkopf-Gasmotor-scaled.jpg&#8221; parallax=&#8221;on&#8221; custom_margin=&#8221;||||false|false&#8221; custom_padding=&#8221;175px||175px||true|false&#8221; saved_tabs=&#8221;all&#8221; global_colors_info=&#8221;{}&#8221;][\/et_pb_section]<\/p>\n","protected":false},"excerpt":{"rendered":"<p>Used Spare Parts and Original Spare Parts for DEUTZ and MWM Engines You have an engine that needs to be overhauled, but the model is no longer manufactured? We also offer MWM and DEUTZ spare parts for classic models! List of Available Spare Parts \/ Inventory ListDownload the PDF containing the list of spare parts [&hellip;]<\/p>\n","protected":false},"author":1,"featured_media":0,"parent":1211,"menu_order":2,"comment_status":"closed","ping_status":"closed","template":"","meta":{"_et_pb_use_builder":"on","_et_pb_old_content":"[et_pb_section fb_built=\"1\" _builder_version=\"4.14.2\" _module_preset=\"default\" global_colors_info=\"{}\"][et_pb_row _builder_version=\"4.14.2\" _module_preset=\"default\" global_colors_info=\"{}\"][et_pb_column type=\"4_4\" _builder_version=\"4.14.2\" _module_preset=\"default\" global_colors_info=\"{}\"][et_pb_blurb image=\"https:\/\/motoren-steffens.de\/wp-content\/uploads\/2021\/12\/ersatzteile.png\" icon_placement=\"left\" image_icon_width=\"200px\" content_max_width=\"100%\" module_id=\"ersatz\" _builder_version=\"4.14.2\" _module_preset=\"default\" vertical_offset_tablet=\"0\" horizontal_offset_tablet=\"0\" width=\"100%\" module_alignment=\"left\" hover_enabled=\"0\" z_index_tablet=\"0\" header_text_shadow_horizontal_length_tablet=\"0px\" header_text_shadow_vertical_length_tablet=\"0px\" header_text_shadow_blur_strength_tablet=\"1px\" body_text_shadow_horizontal_length_tablet=\"0px\" body_text_shadow_vertical_length_tablet=\"0px\" body_text_shadow_blur_strength_tablet=\"1px\" body_link_text_shadow_horizontal_length_tablet=\"0px\" body_link_text_shadow_vertical_length_tablet=\"0px\" body_link_text_shadow_blur_strength_tablet=\"1px\" body_ul_text_shadow_horizontal_length_tablet=\"0px\" body_ul_text_shadow_vertical_length_tablet=\"0px\" body_ul_text_shadow_blur_strength_tablet=\"1px\" body_ol_text_shadow_horizontal_length_tablet=\"0px\" body_ol_text_shadow_vertical_length_tablet=\"0px\" body_ol_text_shadow_blur_strength_tablet=\"1px\" body_quote_text_shadow_horizontal_length_tablet=\"0px\" body_quote_text_shadow_vertical_length_tablet=\"0px\" body_quote_text_shadow_blur_strength_tablet=\"1px\" box_shadow_horizontal_tablet=\"0px\" box_shadow_vertical_tablet=\"0px\" box_shadow_blur_tablet=\"40px\" box_shadow_spread_tablet=\"0px\" box_shadow_horizontal_image_tablet=\"0px\" box_shadow_vertical_image_tablet=\"0px\" box_shadow_blur_image_tablet=\"40px\" box_shadow_spread_image_tablet=\"0px\" text_shadow_horizontal_length_tablet=\"0px\" text_shadow_vertical_length_tablet=\"0px\" text_shadow_blur_strength_tablet=\"1px\" global_colors_info=\"{}\" sticky_enabled=\"0\"]<h1>Gebrauchte Ersatzteile und Original-Ersatzteile f\u00fcr Deutz und MWM Motoren<\/h1>\r\n<p>Sie besitzen einen Altmotor, der \u00fcberholt werden muss, das Modell wird aber schon seit l\u00e4ngerer Zeit nicht mehr hergestellt? Wir bieten auch Ersatzteile der Marken MWM und Deutz f\u00fcr Oldtimer an!<\/p>\r\n<p>In unserem Webshop finden Sie unter anderem folgende Hauptbauteile:<\/p>\r\n<ul>\r\n<li>Kurbelgeh\u00e4use<\/li>\r\n<li>Kurbelwellen<\/li>\r\n<li>Nockenwellen<\/li>\r\n<li>Zylinderk\u00f6pfe<\/li>\r\n<li>Pleuelstangen<\/li>\r\n<li>Einspritzpumpen<\/li>\r\n<li>Abgasturbolader<\/li>\r\n<li>Lichtmaschinen<\/li>\r\n<li>Starter<\/li>\r\n<li>sowie Ersatzteile aller anderen Baugruppen.<\/li>\r\n<\/ul>\r\n<p><strong>Hier eine \u00dcbersicht \u00fcber unsere Ersatzteile, auch f\u00fcr Oldtimer:<\/strong><\/p>\r\n<h3>Deutz Ersatzteile:<\/h3>\r\n<p>Baureihe 208\/ 210\/ 413\/ 514\/ 612\/ 712\/ 714\/ 812\/ 912\/ 1008\/ 1011\/ 2011<\/p>\r\n<h3>MWM Ersatzteile:<\/h3>\r\n<p>Baureihe AKD\/ KD\/ 208\/ 226\/ 232\/ 234\/ 350\/ 358\/ 440\/ 484\/ 500\/ 510\/ 601\/ 616\/ 620\/ 628<br \/>und viele mehr!<\/p>[\/et_pb_blurb][et_pb_divider _builder_version=\"4.14.2\" _module_preset=\"default\" custom_padding=\"||0px|||\" global_colors_info=\"{}\"]\r\n[\/et_pb_divider][et_pb_post_nav _builder_version=\"4.14.2\" _module_preset=\"default\" global_colors_info=\"{}\"][\/et_pb_post_nav][\/et_pb_column][\/et_pb_row][\/et_pb_section][et_pb_section fb_built=\"1\" _builder_version=\"4.14.2\" _module_preset=\"default\" background_color=\"#ab4520\" global_module=\"506\" saved_tabs=\"all\" global_colors_info=\"{}\"][et_pb_row module_class=\"cta-red\" _builder_version=\"4.14.2\" _module_preset=\"default\" global_colors_info=\"{}\"][et_pb_column type=\"4_4\" _builder_version=\"4.14.2\" _module_preset=\"default\" global_colors_info=\"{}\"][et_pb_text _builder_version=\"4.14.2\" _module_preset=\"default\" global_colors_info=\"{}\"]<h2>Sie haben Fragen zu unseren Produkten oder Serviceleistungen?<\/h2>\r\n<p>Telefon: +49 2821 711 37 0 \u2022 E-Mail: info@motoren-steffens.de<\/p>[\/et_pb_text][et_pb_button button_url=\"@ET-DC@eyJkeW5hbWljIjp0cnVlLCJjb250ZW50IjoicG9zdF9saW5rX3VybF9wYWdlIiwic2V0dGluZ3MiOnsicG9zdF9pZCI6IjMzIn19@\" button_text=\"Zum Kontaktformular\" button_alignment=\"center\" _builder_version=\"4.14.2\" _dynamic_attributes=\"button_url\" _module_preset=\"default\" custom_button=\"on\" button_icon=\"\ue04a||divi||400\" button_icon_color=\"#ab4520\" button_on_hover=\"off\" global_colors_info=\"{}\" button_icon_color__hover_enabled=\"on|hover\" button_icon_color__hover=\"#FFFFFF\"][\/et_pb_button][\/et_pb_column][\/et_pb_row][\/et_pb_section][et_pb_section fb_built=\"1\" _builder_version=\"4.14.2\" _module_preset=\"default\" background_image=\"https:\/\/motoren-steffens.de\/wp-content\/uploads\/2021\/12\/Zylinderkopf-Gasmotor-scaled.jpg\" parallax=\"on\" custom_margin=\"||||false|false\" custom_padding=\"175px||175px||true|false\" global_module=\"417\" saved_tabs=\"all\" global_colors_info=\"{}\"][\/et_pb_section]","_et_gb_content_width":"","footnotes":""},"class_list":["post-803","page","type-page","status-publish","hentry"],"yoast_head":"<!-- This site is optimized with the Yoast SEO plugin v27.5 - https:\/\/yoast.com\/product\/yoast-seo-wordpress\/ -->\n<title>Used Spare Parts and Original Spare Parts for DEUTZ and MWM Engines - MOTOREN Steffens GmbH<\/title>\n<meta name=\"robots\" content=\"index, follow, max-snippet:-1, max-image-preview:large, max-video-preview:-1\" \/>\n<link rel=\"canonical\" href=\"https:\/\/motoren-steffens.de\/en\/products\/used-spare-parts-and-original-spare-parts-for-deutz-and-mwm-engines\/\" \/>\n<meta property=\"og:locale\" content=\"en_US\" \/>\n<meta property=\"og:type\" content=\"article\" \/>\n<meta property=\"og:title\" content=\"Used Spare Parts and Original Spare Parts for DEUTZ and MWM Engines - MOTOREN Steffens GmbH\" \/>\n<meta property=\"og:description\" content=\"Used Spare Parts and Original Spare Parts for DEUTZ and MWM Engines You have an engine that needs to be overhauled, but the model is no longer manufactured? We also offer MWM and DEUTZ spare parts for classic models! List of Available Spare Parts \/ Inventory ListDownload the PDF containing the list of spare parts [&hellip;]\" \/>\n<meta property=\"og:url\" content=\"https:\/\/motoren-steffens.de\/en\/products\/used-spare-parts-and-original-spare-parts-for-deutz-and-mwm-engines\/\" \/>\n<meta property=\"og:site_name\" content=\"MOTOREN Steffens GmbH\" \/>\n<meta property=\"article:modified_time\" content=\"2026-01-27T16:06:24+00:00\" \/>\n<meta name=\"twitter:card\" content=\"summary_large_image\" \/>\n<meta name=\"twitter:label1\" content=\"Est. reading time\" \/>\n\t<meta name=\"twitter:data1\" content=\"2 minutes\" \/>\n<script type=\"application\/ld+json\" class=\"yoast-schema-graph\">{\"@context\":\"https:\\\/\\\/schema.org\",\"@graph\":[{\"@type\":\"WebPage\",\"@id\":\"https:\\\/\\\/motoren-steffens.de\\\/en\\\/products\\\/used-spare-parts-and-original-spare-parts-for-deutz-and-mwm-engines\\\/\",\"url\":\"https:\\\/\\\/motoren-steffens.de\\\/en\\\/products\\\/used-spare-parts-and-original-spare-parts-for-deutz-and-mwm-engines\\\/\",\"name\":\"Used Spare Parts and Original Spare Parts for DEUTZ and MWM Engines - MOTOREN Steffens GmbH\",\"isPartOf\":{\"@id\":\"https:\\\/\\\/motoren-steffens.de\\\/#website\"},\"datePublished\":\"2021-12-13T10:11:27+00:00\",\"dateModified\":\"2026-01-27T16:06:24+00:00\",\"breadcrumb\":{\"@id\":\"https:\\\/\\\/motoren-steffens.de\\\/en\\\/products\\\/used-spare-parts-and-original-spare-parts-for-deutz-and-mwm-engines\\\/#breadcrumb\"},\"inLanguage\":\"en-US\",\"potentialAction\":[{\"@type\":\"ReadAction\",\"target\":[\"https:\\\/\\\/motoren-steffens.de\\\/en\\\/products\\\/used-spare-parts-and-original-spare-parts-for-deutz-and-mwm-engines\\\/\"]}]},{\"@type\":\"BreadcrumbList\",\"@id\":\"https:\\\/\\\/motoren-steffens.de\\\/en\\\/products\\\/used-spare-parts-and-original-spare-parts-for-deutz-and-mwm-engines\\\/#breadcrumb\",\"itemListElement\":[{\"@type\":\"ListItem\",\"position\":1,\"name\":\"Startseite\",\"item\":\"https:\\\/\\\/motoren-steffens.de\\\/en\\\/\"},{\"@type\":\"ListItem\",\"position\":2,\"name\":\"Products\",\"item\":\"https:\\\/\\\/motoren-steffens.de\\\/en\\\/products\\\/\"},{\"@type\":\"ListItem\",\"position\":3,\"name\":\"Used Spare Parts and Original Spare Parts for DEUTZ and MWM Engines\"}]},{\"@type\":\"WebSite\",\"@id\":\"https:\\\/\\\/motoren-steffens.de\\\/#website\",\"url\":\"https:\\\/\\\/motoren-steffens.de\\\/\",\"name\":\"MOTOREN Steffens GmbH\",\"description\":\"Gebrauchtmotoren und Ersatzteile\",\"potentialAction\":[{\"@type\":\"SearchAction\",\"target\":{\"@type\":\"EntryPoint\",\"urlTemplate\":\"https:\\\/\\\/motoren-steffens.de\\\/?s={search_term_string}\"},\"query-input\":{\"@type\":\"PropertyValueSpecification\",\"valueRequired\":true,\"valueName\":\"search_term_string\"}}],\"inLanguage\":\"en-US\"}]}<\/script>\n<!-- \/ Yoast SEO plugin. -->","yoast_head_json":{"title":"Used Spare Parts and Original Spare Parts for DEUTZ and MWM Engines - MOTOREN Steffens GmbH","robots":{"index":"index","follow":"follow","max-snippet":"max-snippet:-1","max-image-preview":"max-image-preview:large","max-video-preview":"max-video-preview:-1"},"canonical":"https:\/\/motoren-steffens.de\/en\/products\/used-spare-parts-and-original-spare-parts-for-deutz-and-mwm-engines\/","og_locale":"en_US","og_type":"article","og_title":"Used Spare Parts and Original Spare Parts for DEUTZ and MWM Engines - MOTOREN Steffens GmbH","og_description":"Used Spare Parts and Original Spare Parts for DEUTZ and MWM Engines You have an engine that needs to be overhauled, but the model is no longer manufactured? We also offer MWM and DEUTZ spare parts for classic models! List of Available Spare Parts \/ Inventory ListDownload the PDF containing the list of spare parts [&hellip;]","og_url":"https:\/\/motoren-steffens.de\/en\/products\/used-spare-parts-and-original-spare-parts-for-deutz-and-mwm-engines\/","og_site_name":"MOTOREN Steffens GmbH","article_modified_time":"2026-01-27T16:06:24+00:00","twitter_card":"summary_large_image","twitter_misc":{"Est. reading time":"2 minutes"},"schema":{"@context":"https:\/\/schema.org","@graph":[{"@type":"WebPage","@id":"https:\/\/motoren-steffens.de\/en\/products\/used-spare-parts-and-original-spare-parts-for-deutz-and-mwm-engines\/","url":"https:\/\/motoren-steffens.de\/en\/products\/used-spare-parts-and-original-spare-parts-for-deutz-and-mwm-engines\/","name":"Used Spare Parts and Original Spare Parts for DEUTZ and MWM Engines - MOTOREN Steffens GmbH","isPartOf":{"@id":"https:\/\/motoren-steffens.de\/#website"},"datePublished":"2021-12-13T10:11:27+00:00","dateModified":"2026-01-27T16:06:24+00:00","breadcrumb":{"@id":"https:\/\/motoren-steffens.de\/en\/products\/used-spare-parts-and-original-spare-parts-for-deutz-and-mwm-engines\/#breadcrumb"},"inLanguage":"en-US","potentialAction":[{"@type":"ReadAction","target":["https:\/\/motoren-steffens.de\/en\/products\/used-spare-parts-and-original-spare-parts-for-deutz-and-mwm-engines\/"]}]},{"@type":"BreadcrumbList","@id":"https:\/\/motoren-steffens.de\/en\/products\/used-spare-parts-and-original-spare-parts-for-deutz-and-mwm-engines\/#breadcrumb","itemListElement":[{"@type":"ListItem","position":1,"name":"Startseite","item":"https:\/\/motoren-steffens.de\/en\/"},{"@type":"ListItem","position":2,"name":"Products","item":"https:\/\/motoren-steffens.de\/en\/products\/"},{"@type":"ListItem","position":3,"name":"Used Spare Parts and Original Spare Parts for DEUTZ and MWM Engines"}]},{"@type":"WebSite","@id":"https:\/\/motoren-steffens.de\/#website","url":"https:\/\/motoren-steffens.de\/","name":"MOTOREN Steffens GmbH","description":"Gebrauchtmotoren und Ersatzteile","potentialAction":[{"@type":"SearchAction","target":{"@type":"EntryPoint","urlTemplate":"https:\/\/motoren-steffens.de\/?s={search_term_string}"},"query-input":{"@type":"PropertyValueSpecification","valueRequired":true,"valueName":"search_term_string"}}],"inLanguage":"en-US"}]}},"_links":{"self":[{"href":"https:\/\/motoren-steffens.de\/en\/wp-json\/wp\/v2\/pages\/803","targetHints":{"allow":["GET"]}}],"collection":[{"href":"https:\/\/motoren-steffens.de\/en\/wp-json\/wp\/v2\/pages"}],"about":[{"href":"https:\/\/motoren-steffens.de\/en\/wp-json\/wp\/v2\/types\/page"}],"author":[{"embeddable":true,"href":"https:\/\/motoren-steffens.de\/en\/wp-json\/wp\/v2\/users\/1"}],"replies":[{"embeddable":true,"href":"https:\/\/motoren-steffens.de\/en\/wp-json\/wp\/v2\/comments?post=803"}],"version-history":[{"count":17,"href":"https:\/\/motoren-steffens.de\/en\/wp-json\/wp\/v2\/pages\/803\/revisions"}],"predecessor-version":[{"id":1285,"href":"https:\/\/motoren-steffens.de\/en\/wp-json\/wp\/v2\/pages\/803\/revisions\/1285"}],"up":[{"embeddable":true,"href":"https:\/\/motoren-steffens.de\/en\/wp-json\/wp\/v2\/pages\/1211"}],"wp:attachment":[{"href":"https:\/\/motoren-steffens.de\/en\/wp-json\/wp\/v2\/media?parent=803"}],"curies":[{"name":"wp","href":"https:\/\/api.w.org\/{rel}","templated":true}]}}